{"id":11,"date":"2015-12-15T07:37:48","date_gmt":"2015-12-15T07:37:48","guid":{"rendered":"http:\/\/consulting.stylemixthemes.com\/demo\/?page_id=11"},"modified":"2017-06-16T16:49:10","modified_gmt":"2017-06-16T13:49:10","slug":"contact","status":"publish","type":"page","link":"https:\/\/yuceyapi.com.tr\/en\/contact\/","title":{"rendered":"Contact"},"content":{"rendered":"<p>[vc_row css=&#8221;.vc_custom_1452509933393{margin-bottom: 41px !important;}&#8221;][vc_column][vc_tta_tabs shape=&#8221;square&#8221; spacing=&#8221;&#8221; active_section=&#8221;1&#8243; no_fill_content_area=&#8221;true&#8221; el_class=&#8221;theme_style&#8221;][vc_tta_section title=&#8221;Head Office&#8221; tab_id=&#8221;1452257567229-e5f623b2-41c0&#8243;][vc_row_inner css=&#8221;.vc_custom_1452504967583{margin-bottom: 33px !important;}&#8221;][vc_column_inner width=&#8221;1\/3&#8243;][vc_single_image image=&#8221;1574&#8243; img_size=&#8221;full&#8221;][\/vc_column_inner][vc_column_inner width=&#8221;1\/3&#8243;][vc_gmaps link=&#8221;#E-8_JTNDaWZyYW1lJTIwd2lkdGglM0QlMjI2MDAlMjIlMjBoZWlnaHQlM0QlMjI0NTAlMjIlMjBmcmFtZWJvcmRlciUzRCUyMjAlMjIlMjBzdHlsZSUzRCUyMmJvcmRlciUzQTAlMjIlMjBzcmMlM0QlMjJodHRwcyUzQSUyRiUyRnd3dy5nb29nbGUuY29tJTJGbWFwcyUyRmVtYmVkJTJGdjElMkZwbGFjZSUzRnElM0Q0MS4wODIwMDclMjUyQyUyNTIwMjguOTcyMDIzJTI2a2V5JTNEQUl6YVN5QmJNbW5SZ1Y4LUtVNXpCYjc3MnZnQ29xb3Y3WkVMUWJRJTIyJTIwYWxsb3dmdWxsc2NyZWVuJTNFJTNDJTJGaWZyYW1lJTNF&#8221; size=&#8221;350px&#8221;][\/vc_column_inner][vc_column_inner width=&#8221;1\/3&#8243;][stm_contacts_widget class=&#8221;overlay_3&#8243; title=&#8221;Contact Information&#8221; address=&#8221;Merkez Mahallesi Nurhan Sokak No:2<br \/>\nGenan \u0130\u015f Merkezi Kat:2 B\u00fcro No:21<br \/>\nKa\u011f\u0131thane \/ \u0130stanbul \u2013 Turkey&#8221; phone=&#8221;+90 212 514 39 39&#8243; css=&#8221;.vc_custom_1497620579467{padding-top: 46px !important;padding-right: 50px !important;padding-bottom: 46px !important;padding-left: 50px !important;background-image: url(http:\/\/www.yuceyapi.com.tr\/wp-content\/uploads\/iletisim-box-bg.jpg?id=1434) !important;}&#8221; facebook=&#8221;#&#8221; linkedin=&#8221;#&#8221;][\/vc_column_inner][\/vc_row_inner][vc_row_inner][vc_column_inner width=&#8221;2\/3&#8243;][vc_custom_heading text=&#8221;Contact Form&#8221; font_container=&#8221;tag:h4|text_align:left&#8221; use_theme_fonts=&#8221;yes&#8221; css=&#8221;.vc_custom_1497620588752{margin-bottom: 30px !important;}&#8221;]\n<div class=\"wpcf7 no-js\" id=\"wpcf7-f5-o1\" lang=\"tr-TR\" dir=\"ltr\">\n<div class=\"screen-reader-response\"><p role=\"status\" aria-live=\"polite\" aria-atomic=\"true\"><\/p> <ul><\/ul><\/div>\n<form action=\"\/en\/wp-json\/wp\/v2\/pages\/11#wpcf7-f5-o1\" method=\"post\" class=\"wpcf7-form init\" aria-label=\"Contact form\" novalidate=\"novalidate\" data-status=\"init\">\n<div style=\"display: none;\">\n<input type=\"hidden\" name=\"_wpcf7\" value=\"5\" \/>\n<input type=\"hidden\" name=\"_wpcf7_version\" value=\"5.8.1\" \/>\n<input type=\"hidden\" name=\"_wpcf7_locale\" value=\"tr_TR\" \/>\n<input type=\"hidden\" name=\"_wpcf7_unit_tag\" value=\"wpcf7-f5-o1\" \/>\n<input type=\"hidden\" name=\"_wpcf7_container_post\" value=\"0\" \/>\n<input type=\"hidden\" name=\"_wpcf7_posted_data_hash\" value=\"\" \/>\n<\/div>\n<div class=\"request_callback\">\n\t<div class=\"row\">\n\t\t<div class=\"col-lg-6 col-md-6 col-sm-6 col-xs-12\">\n\t\t\t<div class=\"input-group\">\n\t\t\t\t<p><span class=\"wpcf7-form-control-wrap\" data-name=\"name\"><input size=\"40\" class=\"wpcf7-form-control wpcf7-text wpcf7-validates-as-required\" aria-required=\"true\" aria-invalid=\"false\" placeholder=\"Name*\" value=\"\" type=\"text\" name=\"name\" \/><\/span>\n\t\t\t\t<\/p>\n\t\t\t<\/div>\n\t\t\t<div class=\"input-group\">\n\t\t\t\t<p><span class=\"wpcf7-form-control-wrap\" data-name=\"email\"><input size=\"40\" class=\"wpcf7-form-control wpcf7-email wpcf7-validates-as-required wpcf7-text wpcf7-validates-as-email\" aria-required=\"true\" aria-invalid=\"false\" placeholder=\"E-mail*\" value=\"\" type=\"email\" name=\"email\" \/><\/span>\n\t\t\t\t<\/p>\n\t\t\t<\/div>\n\t\t\t<div class=\"input-group\">\n\t\t\t\t<p><span class=\"wpcf7-form-control-wrap\" data-name=\"phone\"><input size=\"40\" class=\"wpcf7-form-control wpcf7-tel wpcf7-text wpcf7-validates-as-tel\" aria-invalid=\"false\" placeholder=\"Phone\" value=\"\" type=\"tel\" name=\"phone\" \/><\/span>\n\t\t\t\t<\/p>\n\t\t\t<\/div>\n\t\t<\/div>\n\t\t<div class=\"col-lg-6 col-md-6 col-sm-6 col-xs-12\">\n\t\t\t<div class=\"input-group\">\n\t\t\t\t<p><span class=\"wpcf7-form-control-wrap\" data-name=\"message\"><textarea cols=\"40\" rows=\"10\" class=\"wpcf7-form-control wpcf7-textarea wpcf7-validates-as-required\" aria-required=\"true\" aria-invalid=\"false\" placeholder=\"Message *\" name=\"message\"><\/textarea><\/span>\n\t\t\t\t<\/p>\n\t\t\t<\/div>\n\t\t\t<div class=\"input-group\">\n\t\t\t\t<p><button type=\"Send\" class=\"button size-lg icon_right\">submit <i class=\"fa fa-chevron-right\"><\/i><\/button>\n\t\t\t\t<\/p>\n\t\t\t<\/div>\n\t\t<\/div>\n\t<\/div>\n<\/div><div class=\"wpcf7-response-output\" aria-hidden=\"true\"><\/div>\n<\/form>\n<\/div>\n[\/vc_column_inner][vc_column_inner width=&#8221;1\/3&#8243;][\/vc_column_inner][\/vc_row_inner][\/vc_tta_section][\/vc_tta_tabs][\/vc_column][\/vc_row][vc_row full_width=&#8221;stretch_row_content_no_spaces&#8221; el_class=&#8221;third_bg_color&#8221; css=&#8221;.vc_custom_1495022466746{margin-bottom: -60px !important;}&#8221;][vc_column][vc_cta h2=&#8221;We add Value to Life with High Engineering&#8221; h2_font_container=&#8221;font_size:20px|color:%23ffffff|line_height:24px&#8221; h2_use_theme_fonts=&#8221;yes&#8221; txt_align=&#8221;center&#8221; shape=&#8221;square&#8221; style=&#8221;flat&#8221; color=&#8221;white&#8221; use_custom_fonts_h2=&#8221;true&#8221; el_class=&#8221;third_bg_color&#8221; css=&#8221;.vc_custom_1497621233675{margin-bottom: 0px !important;background-image: url(http:\/\/www.yuceyapi.com.tr\/wp-content\/uploads\/serit.jpg?id=1267) !important;background-position: center !important;background-repeat: no-repeat !important;background-size: cover !important;}&#8221; el_id=&#8221;666&#8243;][\/vc_cta][\/vc_column][\/vc_row]<\/p>\n","protected":false},"excerpt":{"rendered":"<p>[vc_row css=&#8221;.vc_custom_1452509933393{margin-bottom: 41px !important;}&#8221;][vc_column][vc_tta_tabs shape=&#8221;square&#8221; spacing=&#8221;&#8221; active_section=&#8221;1&#8243; no_fill_content_area=&#8221;true&#8221; el_class=&#8221;theme_style&#8221;][vc_tta_section title=&#8221;Head Office&#8221; tab_id=&#8221;1452257567229-e5f623b2-41c0&#8243;][vc_row_inner css=&#8221;.vc_custom_1452504967583{margin-bottom: 33px !important;}&#8221;][vc_column_inner width=&#8221;1\/3&#8243;][vc_single_image image=&#8221;1574&#8243; img_size=&#8221;full&#8221;][\/vc_column_inner][vc_column_inner width=&#8221;1\/3&#8243;][vc_gmaps link=&#8221;#E-8_JTNDaWZyYW1lJTIwd2lkdGglM0QlMjI2MDAlMjIlMjBoZWlnaHQlM0QlMjI0NTAlMjIlMjBmcmFtZWJvcmRlciUzRCUyMjAlMjIlMjBzdHlsZSUzRCUyMmJvcmRlciUzQTAlMjIlMjBzcmMlM0QlMjJodHRwcyUzQSUyRiUyRnd3dy5nb29nbGUuY29tJTJGbWFwcyUyRmVtYmVkJTJGdjElMkZwbGFjZSUzRnElM0Q0MS4wODIwMDclMjUyQyUyNTIwMjguOTcyMDIzJTI2a2V5JTNEQUl6YVN5QmJNbW5SZ1Y4LUtVNXpCYjc3MnZnQ29xb3Y3WkVMUWJRJTIyJTIwYWxsb3dmdWxsc2NyZWVuJTNFJTNDJTJGaWZyYW1lJTNF&#8221; size=&#8221;350px&#8221;][\/vc_column_inner][vc_column_inner width=&#8221;1\/3&#8243;][stm_contacts_widget class=&#8221;overlay_3&#8243; title=&#8221;Contact Information&#8221; address=&#8221;Merkez Mahallesi Nurhan Sokak No:2 Genan \u0130\u015f Merkezi Kat:2 B\u00fcro No:21 Ka\u011f\u0131thane \/ \u0130stanbul \u2013 Turkey&#8221; phone=&#8221;+90 212 514 39 39&#8243; css=&#8221;.vc_custom_1497620579467{padding-top: 46px !important;padding-right: 50px !important;padding-bottom: 46px !important;padding-left: 50px !important;background-image:<\/p>\n","protected":false},"author":1,"featured_media":0,"parent":0,"menu_order":0,"comment_status":"closed","ping_status":"closed","template":"","meta":{"footnotes":""},"_links":{"self":[{"href":"https:\/\/yuceyapi.com.tr\/en\/wp-json\/wp\/v2\/pages\/11"}],"collection":[{"href":"https:\/\/yuceyapi.com.tr\/en\/wp-json\/wp\/v2\/pages"}],"about":[{"href":"https:\/\/yuceyapi.com.tr\/en\/wp-json\/wp\/v2\/types\/page"}],"author":[{"embeddable":true,"href":"https:\/\/yuceyapi.com.tr\/en\/wp-json\/wp\/v2\/users\/1"}],"replies":[{"embeddable":true,"href":"https:\/\/yuceyapi.com.tr\/en\/wp-json\/wp\/v2\/comments?post=11"}],"version-history":[{"count":3,"href":"https:\/\/yuceyapi.com.tr\/en\/wp-json\/wp\/v2\/pages\/11\/revisions"}],"predecessor-version":[{"id":1577,"href":"https:\/\/yuceyapi.com.tr\/en\/wp-json\/wp\/v2\/pages\/11\/revisions\/1577"}],"wp:attachment":[{"href":"https:\/\/yuceyapi.com.tr\/en\/wp-json\/wp\/v2\/media?parent=11"}],"curies":[{"name":"wp","href":"https:\/\/api.w.org\/{rel}","templated":true}]}}