{"id":1452,"date":"2017-05-25T09:21:07","date_gmt":"2017-05-25T09:21:07","guid":{"rendered":"http:\/\/www.yuceyapi.com.tr\/?page_id=1452"},"modified":"2023-10-23T10:49:58","modified_gmt":"2023-10-23T07:49:58","slug":"projects","status":"publish","type":"page","link":"https:\/\/yuceyapi.com.tr\/en\/projects\/","title":{"rendered":"Projects"},"content":{"rendered":"<p>[vc_row css=&#8221;.vc_custom_1450856873482{margin-bottom: 37px !important;}&#8221;][vc_column width=&#8221;1\/3&#8243;][stm_animation_block animation=&#8221;fadeInUp&#8221; animation_duration=&#8221;1&#8243; animation_delay=&#8221;0&#8243;][stm_info_box style=&#8221;style_3&#8243; title_icon=&#8221;fa fa-caret-right&#8221; icon=&#8221;fa fa-chevron-right&#8221; title=&#8221;Yavuz Sultan Selim Bridge &#8221; image=&#8221;1579&#8243; link=&#8221;url:https%3A%2F%2Fyuceyapi.com.tr%2Fen%2Fprojects%2Fyavuz-sultan-selim-bridge%2F|title:Read%20more||&#8221; vc_image_size=&#8221;350&#215;250&#8243;]Reinforced Concrete, Steel Fabrication and Steel Assembly Works[\/stm_info_box][\/stm_animation_block][\/vc_column][vc_column width=&#8221;1\/3&#8243;][stm_animation_block animation=&#8221;fadeInUp&#8221; animation_duration=&#8221;1&#8243; animation_delay=&#8221;0.05&#8243;][stm_info_box style=&#8221;style_3&#8243; title_icon=&#8221;fa fa-caret-right&#8221; icon=&#8221;fa fa-angle-right&#8221; title=&#8221;\u00dcsk\u00fcdar \u2013 \u00dcmraniye- \u00c7ekmek\u00f6y Metro&#8221; image=&#8221;1580&#8243; link=&#8221;url:https%3A%2F%2Fyuceyapi.com.tr%2Fen%2Fprojects%2Flevent-hisarustu-metro%2F|title:Read%20more||&#8221; vc_image_size=&#8221;350&#215;250&#8243;]Reinforced Concrete Works[\/stm_info_box][\/stm_animation_block][\/vc_column][vc_column width=&#8221;1\/3&#8243;][stm_animation_block animation=&#8221;fadeInUp&#8221; animation_duration=&#8221;1&#8243; animation_delay=&#8221;0.1&#8243;][stm_info_box style=&#8221;style_3&#8243; title_icon=&#8221;fa fa-caret-right&#8221; icon=&#8221;fa fa-angle-right&#8221; title=&#8221;Levent \u2013 Hisar\u00fcst\u00fc Metro&#8221; image=&#8221;1583&#8243; link=&#8221;url:https%3A%2F%2Fyuceyapi.com.tr%2Fen%2Fprojects%2Flevent-hisarustu-metro%2F|title:Read%20more||&#8221; vc_image_size=&#8221;350&#215;250&#8243;]Reinforced Concrete Works[\/stm_info_box][\/stm_animation_block][\/vc_column][\/vc_row][vc_row css=&#8221;.vc_custom_1450856873482{margin-bottom: 37px !important;}&#8221;][vc_column width=&#8221;1\/3&#8243;][stm_animation_block animation=&#8221;fadeInUp&#8221; animation_duration=&#8221;1&#8243; animation_delay=&#8221;0&#8243;][stm_info_box style=&#8221;style_3&#8243; title_icon=&#8221;fa fa-caret-right&#8221; icon=&#8221;fa fa-chevron-right&#8221; title=&#8221;Osmangazi Bridge&#8221; image=&#8221;1581&#8243; link=&#8221;url:https%3A%2F%2Fyuceyapi.com.tr%2Fen%2Fprojects%2Fosmangazi-bridge%2F|title:Read%20more||&#8221; vc_image_size=&#8221;350&#215;250&#8243;]Reinforced concrete and steel fabrication Works[\/stm_info_box][\/stm_animation_block][\/vc_column][vc_column width=&#8221;1\/3&#8243;][stm_animation_block animation=&#8221;fadeInUp&#8221; animation_duration=&#8221;1&#8243; animation_delay=&#8221;0.05&#8243;][stm_info_box style=&#8221;style_3&#8243; title_icon=&#8221;fa fa-caret-right&#8221; icon=&#8221;fa fa-angle-right&#8221; title=&#8221;Marmaray&#8221; link=&#8221;url:https%3A%2F%2Fyuceyapi.com.tr%2Fen%2Fprojects%2Fmarmaray%2F|title:Read%20more||&#8221; image=&#8221;1582&#8243; vc_image_size=&#8221;350&#215;250&#8243;]Reinforced concrete Works[\/stm_info_box][\/stm_animation_block][\/vc_column][vc_column width=&#8221;1\/3&#8243;][stm_animation_block animation=&#8221;fadeInUp&#8221; animation_duration=&#8221;1&#8243; animation_delay=&#8221;0.05&#8243;][stm_info_box style=&#8221;style_3&#8243; title_icon=&#8221;fa fa-caret-right&#8221; icon=&#8221;fa fa-angle-right&#8221; title=&#8221;Akkuyu Nuclear Power Plant&#8221; link=&#8221;url:https%3A%2F%2Fyuceyapi.com.tr%2Fen%2Fprojects%2Fakkuyu-nuclear-power-station%2F|title:Read%20more||&#8221; image=&#8221;2055&#8243; vc_image_size=&#8221;350&#215;250&#8243;]Reinforced Concrete Works[\/stm_info_box][\/stm_animation_block][\/vc_column][\/vc_row][vc_row css=&#8221;.vc_custom_1450856873482{margin-bottom: 37px !important;}&#8221;][vc_column width=&#8221;1\/3&#8243;][stm_animation_block animation=&#8221;fadeInUp&#8221; animation_duration=&#8221;1&#8243; animation_delay=&#8221;0&#8243;][stm_info_box style=&#8221;style_3&#8243; title_icon=&#8221;fa fa-caret-right&#8221; icon=&#8221;fa fa-chevron-right&#8221; title=&#8221;1915 \u00c7anakkale Bridge&#8221; image=&#8221;2052&#8243; link=&#8221;url:https%3A%2F%2Fyuceyapi.com.tr%2Fen%2Fprojects%2F1915-canakkale-bridge%2F|title:Read%20more||&#8221; vc_image_size=&#8221;350&#215;250&#8243;]Reinforced Concrete Works[\/stm_info_box][\/stm_animation_block][\/vc_column][vc_column width=&#8221;1\/3&#8243;][\/vc_column][vc_column width=&#8221;1\/3&#8243;][\/vc_column][\/vc_row]<\/p>\n","protected":false},"excerpt":{"rendered":"<p>[vc_row css=&#8221;.vc_custom_1450856873482{margin-bottom: 37px !important;}&#8221;][vc_column width=&#8221;1\/3&#8243;][stm_animation_block animation=&#8221;fadeInUp&#8221; animation_duration=&#8221;1&#8243; animation_delay=&#8221;0&#8243;][stm_info_box style=&#8221;style_3&#8243; title_icon=&#8221;fa fa-caret-right&#8221; icon=&#8221;fa fa-chevron-right&#8221; title=&#8221;Yavuz Sultan Selim Bridge &#8221; image=&#8221;1579&#8243; link=&#8221;url:https%3A%2F%2Fyuceyapi.com.tr%2Fen%2Fprojects%2Fyavuz-sultan-selim-bridge%2F|title:Read%20more||&#8221; vc_image_size=&#8221;350&#215;250&#8243;]Reinforced Concrete, Steel Fabrication and Steel Assembly Works[\/stm_info_box][\/stm_animation_block][\/vc_column][vc_column width=&#8221;1\/3&#8243;][stm_animation_block animation=&#8221;fadeInUp&#8221; animation_duration=&#8221;1&#8243; animation_delay=&#8221;0.05&#8243;][stm_info_box style=&#8221;style_3&#8243; title_icon=&#8221;fa fa-caret-right&#8221; icon=&#8221;fa fa-angle-right&#8221; title=&#8221;\u00dcsk\u00fcdar \u2013 \u00dcmraniye- \u00c7ekmek\u00f6y Metro&#8221; image=&#8221;1580&#8243; link=&#8221;url:https%3A%2F%2Fyuceyapi.com.tr%2Fen%2Fprojects%2Flevent-hisarustu-metro%2F|title:Read%20more||&#8221; vc_image_size=&#8221;350&#215;250&#8243;]Reinforced Concrete Works[\/stm_info_box][\/stm_animation_block][\/vc_column][vc_column width=&#8221;1\/3&#8243;][stm_animation_block animation=&#8221;fadeInUp&#8221; animation_duration=&#8221;1&#8243; animation_delay=&#8221;0.1&#8243;][stm_info_box style=&#8221;style_3&#8243; title_icon=&#8221;fa fa-caret-right&#8221; icon=&#8221;fa<\/p>\n","protected":false},"author":1,"featured_media":0,"parent":0,"menu_order":0,"comment_status":"closed","ping_status":"closed","template":"","meta":{"footnotes":""},"_links":{"self":[{"href":"https:\/\/yuceyapi.com.tr\/en\/wp-json\/wp\/v2\/pages\/1452"}],"collection":[{"href":"https:\/\/yuceyapi.com.tr\/en\/wp-json\/wp\/v2\/pages"}],"about":[{"href":"https:\/\/yuceyapi.com.tr\/en\/wp-json\/wp\/v2\/types\/page"}],"author":[{"embeddable":true,"href":"https:\/\/yuceyapi.com.tr\/en\/wp-json\/wp\/v2\/users\/1"}],"replies":[{"embeddable":true,"href":"https:\/\/yuceyapi.com.tr\/en\/wp-json\/wp\/v2\/comments?post=1452"}],"version-history":[{"count":12,"href":"https:\/\/yuceyapi.com.tr\/en\/wp-json\/wp\/v2\/pages\/1452\/revisions"}],"predecessor-version":[{"id":2059,"href":"https:\/\/yuceyapi.com.tr\/en\/wp-json\/wp\/v2\/pages\/1452\/revisions\/2059"}],"wp:attachment":[{"href":"https:\/\/yuceyapi.com.tr\/en\/wp-json\/wp\/v2\/media?parent=1452"}],"curies":[{"name":"wp","href":"https:\/\/api.w.org\/{rel}","templated":true}]}}