{"id":1507,"date":"2017-05-26T08:46:10","date_gmt":"2017-05-26T08:46:10","guid":{"rendered":"http:\/\/www.yuceyapi.com.tr\/?page_id=1507"},"modified":"2017-07-06T10:29:37","modified_gmt":"2017-07-06T07:29:37","slug":"uskudar-umraniye-cekmekoy-metro","status":"publish","type":"page","link":"https:\/\/yuceyapi.com.tr\/en\/projects\/uskudar-umraniye-cekmekoy-metro\/","title":{"rendered":"\u00dcsk\u00fcdar \u2013 \u00dcmraniye &#8211; \u00c7ekmek\u00f6y Subway"},"content":{"rendered":"<p>[vc_row][vc_column width=&#8221;3\/4&#8243;][vc_custom_heading text=&#8221;Construction and Electromechanical Works of \u00dcsk\u00fcdar \u2013 \u00dcmraniye &#8211; \u00c7ekmek\u00f6y Subway Project&#8221; font_container=&#8221;tag:h3|text_align:left&#8221; google_fonts=&#8221;font_family:Open%20Sans%3A300%2C300italic%2Cregular%2Citalic%2C600%2C600italic%2C700%2C700italic%2C800%2C800italic|font_style:300%20light%20regular%3A300%3Anormal&#8221;][vc_column_text]The contract has been signed by between Istanbul Metropolitan Municipality and Do\u011fu\u015f \u0130n\u015faat in 2012. The project runs along Uskudar, Umraniye, and Cekmekoy covering 16 station on a 20 km stretch. The total contract value of project is \u20ac 563.899.995,32. The contract covers Construction and Electromechanical works of the dual-tube tunnels.[\/vc_column_text][vc_column_text]<strong><u>Project Summary:<\/u><\/strong><\/p>\n<p><strong>Project Name<\/strong>: \u00dcsk\u00fcdar \u2013 \u00dcmraniye &#8211; \u00c7ekmek\u00f6y Metro Project<\/p>\n<p><strong>Client:<\/strong> Directorate of Rail System, Department of Transportation, Istanbul Metropolitan Municipality<\/p>\n<p><strong>Contractor:<\/strong> Do\u011fu\u015f \u0130n\u015faat ve Ticaret A.\u015e.<\/p>\n<p><strong>Line length<\/strong>: 20 km<\/p>\n<p><strong>Number of station<\/strong>: 16 no.s (14 no.s underground, 2 no.s cut and cover)<\/p>\n<p><strong>Contract value<\/strong>: \u20ac 563.899.995,32[\/vc_column_text][vc_separator][vc_tta_accordion][vc_tta_section title=&#8221;\u00c7akmak Station Passanger Platform Construction&#8221; tab_id=&#8221;1495791980386-e717b53d-d23b&#8221;][vc_column_text]<strong>Included to the \u00dcsk\u00fcdar-\u00dcmraniye \u00c7ekmek\u00f6y line &#8211; a new and significant leg of the expanding network of \u0130stanbul Metro, construction of \u00c7akmak Station reinforced concrete passenger platform has been undertaken by Y\u00fcce Yap\u0131.<\/strong><\/p>\n<p>Within the scope of \u00dcsk\u00fcdar-\u00dcmraniye-\u00c7ekmek\u00f6y Subway project, reinforced concrete works of \u00c7akmak Station passenger platform were completed by Y\u00fcce Yap\u0131. For this work, 81 tons rebar installation, 3280 m2 formwork assembly, 1528 m3 concrete casting was accomplished.[\/vc_column_text][vc_gallery images=&#8221;1755,1756,1757,1758,1759,1760,1761,1762,1763&#8243; css=&#8221;.vc_custom_1498056592095{margin-left: -22px !important;}&#8221;][\/vc_tta_section][vc_tta_section title=&#8221;\u00c7akmak Station Rail Foundation Works&#8221; tab_id=&#8221;1495791980463-f2ab76d0-14dc&#8221;][vc_column_text]Rainforced Concrete works beneath rails at the passenger platform and turnout zones of \u00c7akmak Station were carried out. Within the scope of these works, concrete structures beneath rails required 30 tons rebar installation and 485 m3 concrete casting.[\/vc_column_text][vc_gallery images=&#8221;1764,1765,1766,1767,1768&#8243; css=&#8221;.vc_custom_1498056654803{margin-left: -22px !important;}&#8221;][\/vc_tta_section][vc_tta_section title=&#8221; Yamanevler Station Reinforced Concrete Platform Construction&#8221; tab_id=&#8221;1495792082158-ef524bbf-7828&#8243;][vc_column_text]Within the scope of concrete works of Yamanevler Station passenger platform, totally 91.25 tons rebar installation, 838 m<sup>3<\/sup> concrete casting and 4743m\u00b2 formwork assembly was accomplished by Y\u00fcce Yap\u0131.[\/vc_column_text][vc_gallery images=&#8221;1769,1770,1771,1772,1773,1774,1775&#8243; css=&#8221;.vc_custom_1498056699646{margin-left: -22px !important;}&#8221;][\/vc_tta_section][vc_tta_section title=&#8221;Yamanevler Station Walkway &amp; Rail Foundation Works &#8221; tab_id=&#8221;1495792114071-34fec9e4-08ef&#8221;][vc_column_text]Between Yamanevler &#8211; \u00c7ar\u015f\u0131 Stations, tunnel walkway and concrete structures beneath rails were constructed by Y\u00fcce Yap\u0131. Within this project where total length of the walkway was 2001 meters, manufacture of 1094 m concrete structures beneath rails and 3940 chemical anchors (\u00f814 mm) was performed by. Within this scope; 2688 m3 concrete casting and 104 tons rebar installation were completed.[\/vc_column_text][vc_gallery images=&#8221;1776,1777,1778,1779,1780,1781,1782,1783,1784,1785&#8243; css=&#8221;.vc_custom_1498056754423{margin-left: -22px !important;}&#8221;][\/vc_tta_section][\/vc_tta_accordion][\/vc_column][vc_column width=&#8221;1\/4&#8243;][stm_sidebar sidebar=&#8221;1592&#8243;][\/vc_column][\/vc_row]<\/p>\n","protected":false},"excerpt":{"rendered":"<p>[vc_row][vc_column width=&#8221;3\/4&#8243;][vc_custom_heading text=&#8221;Construction and Electromechanical Works of \u00dcsk\u00fcdar \u2013 \u00dcmraniye &#8211; \u00c7ekmek\u00f6y Subway Project&#8221; font_container=&#8221;tag:h3|text_align:left&#8221; google_fonts=&#8221;font_family:Open%20Sans%3A300%2C300italic%2Cregular%2Citalic%2C600%2C600italic%2C700%2C700italic%2C800%2C800italic|font_style:300%20light%20regular%3A300%3Anormal&#8221;][vc_column_text]The contract has been signed by between Istanbul Metropolitan Municipality and Do\u011fu\u015f \u0130n\u015faat in 2012. The project runs along Uskudar, Umraniye, and Cekmekoy covering 16 station on a 20 km stretch. The total contract value of project is \u20ac 563.899.995,32.<\/p>\n","protected":false},"author":1,"featured_media":0,"parent":1452,"menu_order":0,"comment_status":"closed","ping_status":"closed","template":"","meta":{"footnotes":""},"_links":{"self":[{"href":"https:\/\/yuceyapi.com.tr\/en\/wp-json\/wp\/v2\/pages\/1507"}],"collection":[{"href":"https:\/\/yuceyapi.com.tr\/en\/wp-json\/wp\/v2\/pages"}],"about":[{"href":"https:\/\/yuceyapi.com.tr\/en\/wp-json\/wp\/v2\/types\/page"}],"author":[{"embeddable":true,"href":"https:\/\/yuceyapi.com.tr\/en\/wp-json\/wp\/v2\/users\/1"}],"replies":[{"embeddable":true,"href":"https:\/\/yuceyapi.com.tr\/en\/wp-json\/wp\/v2\/comments?post=1507"}],"version-history":[{"count":10,"href":"https:\/\/yuceyapi.com.tr\/en\/wp-json\/wp\/v2\/pages\/1507\/revisions"}],"predecessor-version":[{"id":1968,"href":"https:\/\/yuceyapi.com.tr\/en\/wp-json\/wp\/v2\/pages\/1507\/revisions\/1968"}],"up":[{"embeddable":true,"href":"https:\/\/yuceyapi.com.tr\/en\/wp-json\/wp\/v2\/pages\/1452"}],"wp:attachment":[{"href":"https:\/\/yuceyapi.com.tr\/en\/wp-json\/wp\/v2\/media?parent=1507"}],"curies":[{"name":"wp","href":"https:\/\/api.w.org\/{rel}","templated":true}]}}