{"id":1509,"date":"2017-05-26T08:49:04","date_gmt":"2017-05-26T08:49:04","guid":{"rendered":"http:\/\/www.yuceyapi.com.tr\/?page_id=1509"},"modified":"2017-07-06T10:32:15","modified_gmt":"2017-07-06T07:32:15","slug":"levent-hisarustu-metro","status":"publish","type":"page","link":"https:\/\/yuceyapi.com.tr\/en\/projects\/levent-hisarustu-metro\/","title":{"rendered":"Levent &#8211; Hisar\u00fcst\u00fc Metro Project"},"content":{"rendered":"<p>[vc_row][vc_column width=&#8221;3\/4&#8243;][vc_custom_heading text=&#8221;Levent &#8211; Hisar\u00fcst\u00fc Metro Project&#8221; font_container=&#8221;tag:h3|text_align:left&#8221; google_fonts=&#8221;font_family:Open%20Sans%3A300%2C300italic%2Cregular%2Citalic%2C600%2C600italic%2C700%2C700italic%2C800%2C800italic|font_style:300%20light%20regular%3A300%3Anormal&#8221;][vc_column_text]The contract has been signed by between Istanbul Metropolitan Municipality and Alarko-Makyol JV in December, 2012 as an EPC (Engineering, Procurement, and Construction).[\/vc_column_text][vc_column_text]<strong>Project Summary:<\/strong><\/p>\n<p><strong>Project Name<\/strong>: Levent-Hisar\u00fcst\u00fc Metro Project<\/p>\n<p><strong>Client:<\/strong> Directorate of Rail System, Department of Transportation, Istanbul Metropolitan Municipality<\/p>\n<p><strong>Contractor:<\/strong> Alarko-Makyol JV<\/p>\n<p><strong>Line length<\/strong>: 4,7 km<\/p>\n<p><strong>Number of station<\/strong>: 4 (Underground)<\/p>\n<p><strong>Duration: <\/strong>26 months[\/vc_column_text][vc_separator][vc_tta_accordion][vc_tta_section title=&#8221;Escape Shaft, Escape Tunnel, Ventilation Shaft &amp; Ventilation Tunnel Concrete Lining and Inner Structure Works&#8221; tab_id=&#8221;1495792297273-8b9b0535-7d60&#8243;][vc_column_text]<strong>For the Levent &#8211; Hisar\u00fcst\u00fc subway line- one of the significant rail system projects of \u0130stanbul, concrete lining of ventilation shaft and tunnel as well as the escape shaft and tunnel was produced by Y\u00fcce Yap\u0131.<\/strong><\/p>\n<p>Y\u00fcce Yap\u0131 produced concrete lining of Escape shaft in 27 m height, Escape tunnel in 54 m length, Ventilation shaft in 35 m height and Ventilation tunnel in 69 m length.<\/p>\n<p>Within the scope of this project, 230 ton rebar installation, 3050 m\u00b2 elliptic climbing formwork assembly, 2770 m2 steel tunnel formwork assembly and 3650 m3 concrete casting, besides 1357m2 wooden formwork assembly and 3635 chemical anchoring was accomplished; also concrete inner structures of the escape and ventilation shafts were fabricated.[\/vc_column_text][vc_gallery images=&#8221;1790,1791,1792,1793,1794,1795,1796,1797,1798,1799,1800,1801,1802,1803&#8243; css=&#8221;.vc_custom_1498127349477{margin-left: -22px !important;}&#8221;][\/vc_tta_section][\/vc_tta_accordion][\/vc_column][vc_column width=&#8221;1\/4&#8243;][stm_sidebar sidebar=&#8221;1592&#8243;][\/vc_column][\/vc_row]<\/p>\n","protected":false},"excerpt":{"rendered":"<p>[vc_row][vc_column width=&#8221;3\/4&#8243;][vc_custom_heading text=&#8221;Levent &#8211; Hisar\u00fcst\u00fc Metro Project&#8221; font_container=&#8221;tag:h3|text_align:left&#8221; google_fonts=&#8221;font_family:Open%20Sans%3A300%2C300italic%2Cregular%2Citalic%2C600%2C600italic%2C700%2C700italic%2C800%2C800italic|font_style:300%20light%20regular%3A300%3Anormal&#8221;][vc_column_text]The contract has been signed by between Istanbul Metropolitan Municipality and Alarko-Makyol JV in December, 2012 as an EPC (Engineering, Procurement, and Construction).[\/vc_column_text][vc_column_text]Project Summary: Project Name: Levent-Hisar\u00fcst\u00fc Metro Project Client: Directorate of Rail System, Department of Transportation, Istanbul Metropolitan Municipality Contractor: Alarko-Makyol JV Line length: 4,7 km<\/p>\n","protected":false},"author":1,"featured_media":0,"parent":1452,"menu_order":0,"comment_status":"closed","ping_status":"closed","template":"","meta":{"footnotes":""},"_links":{"self":[{"href":"https:\/\/yuceyapi.com.tr\/en\/wp-json\/wp\/v2\/pages\/1509"}],"collection":[{"href":"https:\/\/yuceyapi.com.tr\/en\/wp-json\/wp\/v2\/pages"}],"about":[{"href":"https:\/\/yuceyapi.com.tr\/en\/wp-json\/wp\/v2\/types\/page"}],"author":[{"embeddable":true,"href":"https:\/\/yuceyapi.com.tr\/en\/wp-json\/wp\/v2\/users\/1"}],"replies":[{"embeddable":true,"href":"https:\/\/yuceyapi.com.tr\/en\/wp-json\/wp\/v2\/comments?post=1509"}],"version-history":[{"count":10,"href":"https:\/\/yuceyapi.com.tr\/en\/wp-json\/wp\/v2\/pages\/1509\/revisions"}],"predecessor-version":[{"id":1969,"href":"https:\/\/yuceyapi.com.tr\/en\/wp-json\/wp\/v2\/pages\/1509\/revisions\/1969"}],"up":[{"embeddable":true,"href":"https:\/\/yuceyapi.com.tr\/en\/wp-json\/wp\/v2\/pages\/1452"}],"wp:attachment":[{"href":"https:\/\/yuceyapi.com.tr\/en\/wp-json\/wp\/v2\/media?parent=1509"}],"curies":[{"name":"wp","href":"https:\/\/api.w.org\/{rel}","templated":true}]}}