{"id":1989,"date":"2023-10-23T10:24:18","date_gmt":"2023-10-23T07:24:18","guid":{"rendered":"https:\/\/yuceyapi.com.tr\/en\/?page_id=1989"},"modified":"2023-10-23T10:24:47","modified_gmt":"2023-10-23T07:24:47","slug":"akkuyu-nuclear-power-station","status":"publish","type":"page","link":"https:\/\/yuceyapi.com.tr\/en\/projects\/akkuyu-nuclear-power-station\/","title":{"rendered":"Akkuyu Nuclear Power Station"},"content":{"rendered":"<p>[vc_row][vc_column width=&#8221;3\/4&#8243;][vc_custom_heading text=&#8221;Akkuyu Nuclear Power Station&#8221; font_container=&#8221;tag:h3|text_align:left&#8221; google_fonts=&#8221;font_family:Open%20Sans%3A300%2C300italic%2Cregular%2Citalic%2C600%2C600italic%2C700%2C700italic%2C800%2C800italic|font_style:300%20light%20regular%3A300%3Anormal&#8221;][vc_column_text]Akkuyu Nuclear Power Plant is planned to be the first nuclear power plant of Turkey.[\/vc_column_text][vc_column_text]<strong>General Information:<\/strong><\/p>\n<p><strong>Project Name:<\/strong> Akkuyu Nuclear Power Plant<\/p>\n<p><strong>Customer:<\/strong> Republic of Turkey Ministry of Energy and Natural Resources<\/p>\n<p><strong>Employer:<\/strong> AKKUYU NUCLEAR A.\u015e.<\/p>\n<p><strong>Project Participants:<\/strong><br \/>\nRosatom State Enterprise<br \/>\nAtomenergoproekt A.\u015e.<br \/>\nAtomstroyexport Inc.<br \/>\nConcern Rosenergoatom A.\u015e.<br \/>\nKurchatov Institute National Research Center<br \/>\nWorley Parsons Energy Services LLC<br \/>\nRusatom Energo International Inc.<br \/>\nOKB GIDROPRESS A.\u015e.<\/p>\n<p><strong>Main contractor:<\/strong> T\u0130TAN-2 &amp; IC \u0130\u00c7TA\u015e \u0130N\u015eAAT ANON\u0130M \u015e\u0130RKET\u0130<\/p>\n<p><strong>Reactor Type:<\/strong> VVER-1200<\/p>\n<p><strong>Power Capacity:<\/strong> 4800 MW<\/p>\n<p><strong>Project Model:<\/strong> Build &#8211; Operate &#8211; Own<\/p>\n<p><strong>Annual Production:<\/strong> 35 billion kWh<\/p>\n<p><strong>Project Cost:<\/strong> 20 Billion USD (approximately)[\/vc_column_text][vc_separator][vc_tta_accordion][vc_tta_section title=&#8221;Unit Standby Control Room Building (10UCB)&#8221; tab_id=&#8221;1495792521735-8d89f5fa-0a7e9b2b-caf6&#8243;][vc_column_text]The reinforced concrete backfilling of the reactor\u2019s standby control room building was casted by Y\u00dcCE YAPI up to the foundation bottom level. The building occupies an area of 2.940 m<sup>2<\/sup> with a width of 18 m and a length of 35 m. The concrete was casted in layers to prevent any hydration and shrinkage cracks. 2.000 m<sup>3<\/sup> concrete was casted.[\/vc_column_text][vc_gallery images=&#8221;1990,1991,1992,1993,1994,1995,1996,1997,1998&#8243; css=&#8221;.vc_custom_1698045712239{margin-left: -22px !important;}&#8221;][\/vc_tta_section][vc_tta_section title=&#8221;Liebherr 1000 EC-H40 Tower Crane Foundation&#8221; tab_id=&#8221;1495792521806-b291c2c6-9a369b2b-caf6&#8243;][vc_column_text]The foundation of Liebherr 1000 EC-H40 tower crane was constructed by Y\u00dcCE YAPI. The DOKA FRAMAX was used for the form of the foundation.[\/vc_column_text][vc_gallery images=&#8221;1999,2000,2001,2002,2003&#8243; css=&#8221;.vc_custom_1698045774799{margin-left: -22px !important;}&#8221;][\/vc_tta_section][vc_tta_section title=&#8221;Mock-up Castings for Concrete Mix Design&#8221; tab_id=&#8221;1698045778657-d7b072f0-fa56&#8243;][vc_column_text]The mock-up castings for the self-compacting concrete mixture were carried out by Y\u00dcCE YAPI. For this purpose, the full scaled models of some parts of the reactor control building and reactor support buildings were prepared. DOKA FRAMAX formwork was used for this work. Following the placement of the steel embedded elements and rebar installation, thermocouplers were installed inside the formwork to continuously measure the temperature.<\/p>\n<p>&nbsp;<\/p>\n<p>The placement of the concrete was monitored using self-compacting concrete and its propagation velocity was measured. After the concrete casting, the cooling duration of the concrete was monitored by performing temperature measurements of the test model every 8 hours during a period of 7 days. The duration of cracking and sizes of cracks were monitored by changing the curing method and curing time intervals of the concrete.[\/vc_column_text][vc_gallery images=&#8221;2004,2005,2006,2007,2008&#8243; css=&#8221;.vc_custom_1698045848049{margin-left: -22px !important;}&#8221;][\/vc_tta_section][\/vc_tta_accordion][\/vc_column][vc_column width=&#8221;1\/4&#8243;][stm_sidebar sidebar=&#8221;1592&#8243;][\/vc_column][\/vc_row]<\/p>\n","protected":false},"excerpt":{"rendered":"<p>[vc_row][vc_column width=&#8221;3\/4&#8243;][vc_custom_heading text=&#8221;Akkuyu Nuclear Power Station&#8221; font_container=&#8221;tag:h3|text_align:left&#8221; google_fonts=&#8221;font_family:Open%20Sans%3A300%2C300italic%2Cregular%2Citalic%2C600%2C600italic%2C700%2C700italic%2C800%2C800italic|font_style:300%20light%20regular%3A300%3Anormal&#8221;][vc_column_text]Akkuyu Nuclear Power Plant is planned to be the first nuclear power plant of Turkey.[\/vc_column_text][vc_column_text]General Information: Project Name: Akkuyu Nuclear Power Plant Customer: Republic of Turkey Ministry of Energy and Natural Resources Employer: AKKUYU NUCLEAR A.\u015e. Project Participants: Rosatom State Enterprise Atomenergoproekt A.\u015e. Atomstroyexport Inc. Concern Rosenergoatom A.\u015e.<\/p>\n","protected":false},"author":1,"featured_media":0,"parent":1452,"menu_order":0,"comment_status":"closed","ping_status":"closed","template":"","meta":{"footnotes":""},"_links":{"self":[{"href":"https:\/\/yuceyapi.com.tr\/en\/wp-json\/wp\/v2\/pages\/1989"}],"collection":[{"href":"https:\/\/yuceyapi.com.tr\/en\/wp-json\/wp\/v2\/pages"}],"about":[{"href":"https:\/\/yuceyapi.com.tr\/en\/wp-json\/wp\/v2\/types\/page"}],"author":[{"embeddable":true,"href":"https:\/\/yuceyapi.com.tr\/en\/wp-json\/wp\/v2\/users\/1"}],"replies":[{"embeddable":true,"href":"https:\/\/yuceyapi.com.tr\/en\/wp-json\/wp\/v2\/comments?post=1989"}],"version-history":[{"count":1,"href":"https:\/\/yuceyapi.com.tr\/en\/wp-json\/wp\/v2\/pages\/1989\/revisions"}],"predecessor-version":[{"id":2009,"href":"https:\/\/yuceyapi.com.tr\/en\/wp-json\/wp\/v2\/pages\/1989\/revisions\/2009"}],"up":[{"embeddable":true,"href":"https:\/\/yuceyapi.com.tr\/en\/wp-json\/wp\/v2\/pages\/1452"}],"wp:attachment":[{"href":"https:\/\/yuceyapi.com.tr\/en\/wp-json\/wp\/v2\/media?parent=1989"}],"curies":[{"name":"wp","href":"https:\/\/api.w.org\/{rel}","templated":true}]}}