{"id":377,"date":"2016-01-07T04:23:21","date_gmt":"2016-01-07T04:23:21","guid":{"rendered":"http:\/\/consulting.stylemixthemes.com\/demo\/?page_id=377"},"modified":"2023-10-23T10:59:12","modified_gmt":"2023-10-23T07:59:12","slug":"history","status":"publish","type":"page","link":"https:\/\/yuceyapi.com.tr\/en\/about-us\/history\/","title":{"rendered":"History"},"content":{"rendered":"<p>[vc_row css=&#8221;.vc_custom_1451991003825{margin-bottom: 100px !important;}&#8221;][vc_column width=&#8221;3\/4&#8243;][vc_single_image image=&#8221;1565&#8243; img_size=&#8221;full&#8221; css=&#8221;.vc_custom_1497619766487{margin-bottom: 46px !important;}&#8221;][stm_testimonials count=&#8221;1&#8243; per_row=&#8221;1&#8243; category=&#8221;tarihce&#8221; css=&#8221;.vc_custom_1497619897244{margin-bottom: 50px !important;}&#8221;][stm_company_history css=&#8221;.vc_custom_1495702757421{margin-top: 25px !important;}&#8221;][stm_company_history_item year=&#8221;2006&#8243; title=&#8221;Y\u00fcce Yap\u0131 established&#8221;][stm_company_history_item year=&#8221;2006&#8243; title=&#8221;Works started as subcontractor in the scope of Marmaray Project&#8221;][stm_company_history_item year=&#8221;2008&#8243; title=&#8221;Structural design works started&#8221;][stm_company_history_item year=&#8221;2011&#8243; title=&#8221;First tunnel reinforced concrete works started with Marmaray Project, Sirkeci Station&#8221;][stm_company_history_item year=&#8221;2013&#8243; title=&#8221;Yavuz Sultan Selim Bridge European Main Tower reinforced concrete construction started&#8221;][stm_company_history_item year=&#8221;2014&#8243; title=&#8221;First steel fabrication started in the scope of Osmangazi Bridge Project&#8221;][stm_company_history_item year=&#8221;2014&#8243; title=&#8221;Levent-Hisar\u00fcst\u00fc Metro Project works started with Alarko-Makyol JV &#8220;][stm_company_history_item year=&#8221;2015&#8243; title=&#8221;Counter weight form traveller used for the first time in the scope of Yavuz Sultan Selim Bridge sidewalk reinforced concrete Works&#8221;][stm_company_history_item year=&#8221;2016&#8243; title=&#8221;\u00dcsk\u00fcdar-\u00dcmraniye-\u00c7ekmek\u00f6y Metro \u00c7akmak Station passenger platform construction started&#8221;][stm_company_history_item year=&#8221;2016&#8243; title=&#8221;Assemblies of Yavuz Sultan Selim Bridge expansion joints and pendulum bearing were done&#8221;][stm_company_history_item year=&#8221;2016&#8243; title=&#8221;Yuce Yap\u0131 celebrated it&#8217;s 10th anniversary&#8221;][stm_company_history_item year=&#8221;2017&#8243; title=&#8221;The structure of refrigerant facility\u2019s reinforced concrete of \u00c7imko Cement Kahramanmara\u015f Narl\u0131 Factory was started&#8221;][stm_company_history_item year=&#8221;2018&#8243; title=&#8221;1915 \u00c7ANAKKALE (DARDANELLES) BRIDGE was started to build&#8221;][stm_company_history_item year=&#8221;2019&#8243; title=&#8221;Akkuyu Nuclear Power Plant Reinforced Concrete Works were started&#8221;][stm_company_history_item year=&#8221;2019&#8243; title=&#8221;EBD \u0130nsaat Makine was established&#8221;][stm_company_history_item year=&#8221;2021&#8243; title=&#8221;Yuce Yap\u0131 celebrated it&#8217;s 15th anniversary&#8221;][\/stm_company_history][\/vc_column][vc_column width=&#8221;1\/4&#8243;][stm_sidebar sidebar=&#8221;1561&#8243;][\/vc_column][\/vc_row]<\/p>\n","protected":false},"excerpt":{"rendered":"<p>[vc_row css=&#8221;.vc_custom_1451991003825{margin-bottom: 100px !important;}&#8221;][vc_column width=&#8221;3\/4&#8243;][vc_single_image image=&#8221;1565&#8243; img_size=&#8221;full&#8221; css=&#8221;.vc_custom_1497619766487{margin-bottom: 46px !important;}&#8221;][stm_testimonials count=&#8221;1&#8243; per_row=&#8221;1&#8243; category=&#8221;tarihce&#8221; css=&#8221;.vc_custom_1497619897244{margin-bottom: 50px !important;}&#8221;][stm_company_history css=&#8221;.vc_custom_1495702757421{margin-top: 25px !important;}&#8221;][stm_company_history_item year=&#8221;2006&#8243; title=&#8221;Y\u00fcce Yap\u0131 established&#8221;][stm_company_history_item year=&#8221;2006&#8243; title=&#8221;Works started as subcontractor in the scope of Marmaray Project&#8221;][stm_company_history_item year=&#8221;2008&#8243; title=&#8221;Structural design works started&#8221;][stm_company_history_item year=&#8221;2011&#8243; title=&#8221;First tunnel reinforced concrete works started with Marmaray Project, Sirkeci Station&#8221;][stm_company_history_item year=&#8221;2013&#8243; title=&#8221;Yavuz Sultan Selim<\/p>\n","protected":false},"author":1,"featured_media":0,"parent":9,"menu_order":0,"comment_status":"closed","ping_status":"closed","template":"","meta":{"footnotes":""},"_links":{"self":[{"href":"https:\/\/yuceyapi.com.tr\/en\/wp-json\/wp\/v2\/pages\/377"}],"collection":[{"href":"https:\/\/yuceyapi.com.tr\/en\/wp-json\/wp\/v2\/pages"}],"about":[{"href":"https:\/\/yuceyapi.com.tr\/en\/wp-json\/wp\/v2\/types\/page"}],"author":[{"embeddable":true,"href":"https:\/\/yuceyapi.com.tr\/en\/wp-json\/wp\/v2\/users\/1"}],"replies":[{"embeddable":true,"href":"https:\/\/yuceyapi.com.tr\/en\/wp-json\/wp\/v2\/comments?post=377"}],"version-history":[{"count":9,"href":"https:\/\/yuceyapi.com.tr\/en\/wp-json\/wp\/v2\/pages\/377\/revisions"}],"predecessor-version":[{"id":2060,"href":"https:\/\/yuceyapi.com.tr\/en\/wp-json\/wp\/v2\/pages\/377\/revisions\/2060"}],"up":[{"embeddable":true,"href":"https:\/\/yuceyapi.com.tr\/en\/wp-json\/wp\/v2\/pages\/9"}],"wp:attachment":[{"href":"https:\/\/yuceyapi.com.tr\/en\/wp-json\/wp\/v2\/media?parent=377"}],"curies":[{"name":"wp","href":"https:\/\/api.w.org\/{rel}","templated":true}]}}