{"id":9,"date":"2015-12-15T07:37:33","date_gmt":"2015-12-15T07:37:33","guid":{"rendered":"http:\/\/consulting.stylemixthemes.com\/demo\/?page_id=9"},"modified":"2017-06-16T17:34:22","modified_gmt":"2017-06-16T14:34:22","slug":"about-us","status":"publish","type":"page","link":"https:\/\/yuceyapi.com.tr\/en\/about-us\/","title":{"rendered":"About Us"},"content":{"rendered":"<p>[vc_row css=&#8221;.vc_custom_1451991003825{margin-bottom: 100px !important;}&#8221;][vc_column offset=&#8221;vc_col-lg-9 vc_col-md-9&#8243;][vc_single_image image=&#8221;1560&#8243; img_size=&#8221;825&#215;407&#8243;][vc_column_text css=&#8221;.vc_custom_1497623990751{margin-top: 40px !important;}&#8221;]<\/p>\n<h3>Y\u00fcce Yap\u0131<\/h3>\n<p>Founded in 2006, Y\u00fcce Yap\u0131 offers superior quality services in infrastructure projects, superstructure projects and building constructions.<\/p>\n<p>Y\u00fcce Yap\u0131, which has come out with its understanding of service in the field of engineering and understanding of being one of the leading companies in Turkey, has started to sign the monumental engineering projects of Turkey with the works it has realized.<\/p>\n<p>Y\u00fcce Yap\u0131 is ready to add its entire accumulation to big projects with its energetic and strong team and engineering understanding that builds soul.[\/vc_column_text][\/vc_column][vc_column width=&#8221;1\/4&#8243; offset=&#8221;vc_hidden-sm vc_hidden-xs&#8221;][stm_sidebar sidebar=&#8221;1561&#8243;][\/vc_column][\/vc_row][vc_row full_width=&#8221;stretch_row_content_no_spaces&#8221; el_class=&#8221;third_bg_color&#8221; css=&#8221;.vc_custom_1495022466746{margin-bottom: -60px !important;}&#8221;][vc_column][vc_cta h2=&#8221;&#8221; h2_font_container=&#8221;font_size:20px|color:%23ffffff|line_height:24px&#8221; h2_use_theme_fonts=&#8221;yes&#8221; txt_align=&#8221;center&#8221; shape=&#8221;square&#8221; style=&#8221;flat&#8221; color=&#8221;white&#8221; use_custom_fonts_h2=&#8221;true&#8221; el_class=&#8221;third_bg_color&#8221; css=&#8221;.vc_custom_1496834201749{margin-bottom: 0px !important;background-image: url(http:\/\/www.yuceyapi.com.tr\/wp-content\/uploads\/serit.jpg?id=1267) !important;background-position: center !important;background-repeat: no-repeat !important;background-size: cover !important;}&#8221; el_id=&#8221;666&#8243;][\/vc_cta][\/vc_column][\/vc_row]<\/p>\n","protected":false},"excerpt":{"rendered":"<p>[vc_row css=&#8221;.vc_custom_1451991003825{margin-bottom: 100px !important;}&#8221;][vc_column offset=&#8221;vc_col-lg-9 vc_col-md-9&#8243;][vc_single_image image=&#8221;1560&#8243; img_size=&#8221;825&#215;407&#8243;][vc_column_text css=&#8221;.vc_custom_1497623990751{margin-top: 40px !important;}&#8221;] Y\u00fcce Yap\u0131 Founded in 2006, Y\u00fcce Yap\u0131 offers superior quality services in infrastructure projects, superstructure projects and building constructions. Y\u00fcce Yap\u0131, which has come out with its understanding of service in the field of engineering and understanding of being one of the leading companies<\/p>\n","protected":false},"author":1,"featured_media":0,"parent":0,"menu_order":0,"comment_status":"closed","ping_status":"closed","template":"","meta":{"footnotes":""},"_links":{"self":[{"href":"https:\/\/yuceyapi.com.tr\/en\/wp-json\/wp\/v2\/pages\/9"}],"collection":[{"href":"https:\/\/yuceyapi.com.tr\/en\/wp-json\/wp\/v2\/pages"}],"about":[{"href":"https:\/\/yuceyapi.com.tr\/en\/wp-json\/wp\/v2\/types\/page"}],"author":[{"embeddable":true,"href":"https:\/\/yuceyapi.com.tr\/en\/wp-json\/wp\/v2\/users\/1"}],"replies":[{"embeddable":true,"href":"https:\/\/yuceyapi.com.tr\/en\/wp-json\/wp\/v2\/comments?post=9"}],"version-history":[{"count":5,"href":"https:\/\/yuceyapi.com.tr\/en\/wp-json\/wp\/v2\/pages\/9\/revisions"}],"predecessor-version":[{"id":1578,"href":"https:\/\/yuceyapi.com.tr\/en\/wp-json\/wp\/v2\/pages\/9\/revisions\/1578"}],"wp:attachment":[{"href":"https:\/\/yuceyapi.com.tr\/en\/wp-json\/wp\/v2\/media?parent=9"}],"curies":[{"name":"wp","href":"https:\/\/api.w.org\/{rel}","templated":true}]}}